{"id":8,"date":"2020-12-24T11:06:08","date_gmt":"2020-12-24T10:06:08","guid":{"rendered":"http:\/\/www.spaziomentale.it\/web\/?page_id=8"},"modified":"2022-02-26T15:49:37","modified_gmt":"2022-02-26T14:49:37","slug":"chi-siamo","status":"publish","type":"page","link":"https:\/\/www.spaziomentale.it\/web\/","title":{"rendered":"Barbara Galateri di Genola &#8211; Coach"},"content":{"rendered":"\n<div class=\"alignfull\"><div id=\"metaslider-id-183\" style=\"width: 100%;\" class=\"ml-slider-3-60-1 metaslider metaslider-flex metaslider-183 ml-slider ms-theme-default\" role=\"region\" aria-roledescription=\"Slideshow\" aria-label=\"Arco Sempione e Arco della Pace\">\n    <div id=\"metaslider_container_183\">\n        <div id=\"metaslider_183\">\n            <ul aria-live=\"polite\" class=\"slides\">\n                <li style=\"display: block; width: 100%;\" class=\"slide-233 ms-image\" aria-roledescription=\"slide\" aria-label=\"slide-233\"><img loading=\"lazy\" decoding=\"async\" src=\"https:\/\/www.spaziomentale.it\/web\/wp-content\/uploads\/2021\/01\/Arco0-1920x475.jpg\" height=\"475\" width=\"1920\" alt=\"\" class=\"slider-183 slide-233\" title=\"Arco0\" \/><\/li>\n                <li style=\"display: none; width: 100%;\" class=\"slide-236 ms-image\" aria-roledescription=\"slide\" aria-label=\"slide-236\"><img loading=\"lazy\" decoding=\"async\" src=\"https:\/\/www.spaziomentale.it\/web\/wp-content\/uploads\/2021\/01\/Arco-scaled-1920x475.jpg\" height=\"475\" width=\"1920\" alt=\"\" class=\"slider-183 slide-236\" title=\"Arco\" \/><\/li>\n            <\/ul>\n        <\/div>\n        \n    <\/div>\n<\/div><\/div>\n\n\n\n<div style=\"height:100px\" aria-hidden=\"true\" class=\"wp-block-spacer\"><\/div>\n\n\n\n<div class=\"wp-block-columns is-layout-flex wp-container-core-columns-is-layout-9d6595d7 wp-block-columns-is-layout-flex\">\n<div class=\"wp-block-column is-layout-flow wp-block-column-is-layout-flow\" style=\"flex-basis:33.33%\">\n<figure class=\"wp-block-image size-large\"><img loading=\"lazy\" decoding=\"async\" width=\"425\" height=\"424\" src=\"http:\/\/www.spaziomentale.it\/web\/wp-content\/uploads\/2021\/01\/barbara-galateri-coach-round.png\" alt=\"Barbara Galateri di Genola \u2013 Relation &amp; Motivation Coach\" class=\"wp-image-137\" srcset=\"https:\/\/www.spaziomentale.it\/web\/wp-content\/uploads\/2021\/01\/barbara-galateri-coach-round.png 425w, https:\/\/www.spaziomentale.it\/web\/wp-content\/uploads\/2021\/01\/barbara-galateri-coach-round-300x300.png 300w, https:\/\/www.spaziomentale.it\/web\/wp-content\/uploads\/2021\/01\/barbara-galateri-coach-round-150x150.png 150w\" sizes=\"auto, (max-width: 425px) 100vw, 425px\" \/><figcaption><strong>Barbara Galateri di Genola<\/strong> \u2013 <em>Relation &amp; Motivation Coach<\/em><\/figcaption><\/figure>\n<\/div>\n\n\n\n<div class=\"wp-block-column is-layout-flow wp-block-column-is-layout-flow\" style=\"flex-basis:66.66%\">\n<p class=\"has-drop-cap\">Sono una Advanced Coach e PNL Master Practitioner e lavoro con i miei clienti su obiettivi legati alla <em>motivazione<\/em>, alle <em>relazioni<\/em> e al <em>benessere psico-fisico<\/em>.<\/p>\n\n\n\n<p>Quello che mi appassiona \u00e8 poter aiutare i miei clienti a <strong>restare motivati<\/strong> nelle decisioni importanti che prendono e a <strong>migliorare la relazione<\/strong> con se stessi sia in ambito familiare che lavorativo.<br>Credo fermamente che sia possibile aiutare le persone a sviluppare le loro capacit\u00e0 e il loro benessere psico-fisico per ottenere il massimo dalle potenzialit\u00e0 che hanno.<\/p>\n\n\n\n<p>Ho 20 anni di esperienza nella raccolta fondi e nella relazione con enti no profit nell-area grandi donatori e oltre al coaching sulla motivazione e sulle relazioni sono disponibile per percorsi di coaching personalizzati per <em>fundraiser<\/em> (autostima &#8211; pianificazione e raggiungimento obiettivi &#8211; motivazione).<\/p>\n\n\n\n<p>Amo lavorare con nuovi clienti e stringere rapporti di partnership con loro durante il processo di trasformazione. La mia motivazione \u00e8 aiutare i miei clienti ad ottenere il cambiamento che desiderano per la loro vita privata e professionale.<\/p>\n\n\n\n<p> Come? Con la <em>consapevolezza<\/em> e scoprendo quello che conta veramente per loro!<\/p>\n<\/div>\n<\/div>\n\n\n\n<div class=\"wp-block-group\"><div class=\"wp-block-group__inner-container is-layout-flow wp-block-group-is-layout-flow\"><div class=\"wp-block-ub-content-toggle\" id=\"ub-content-toggle-dc8b31a8-62f9-4244-a2aa-273eca07c9b4\" data-mobilecollapse=\"false\" data-desktopcollapse=\"true\">\n<div class=\"wp-block-ub-content-toggle-accordion\" id=\"ub-content-toggle-panel-block-\">\n                <div class=\"wp-block-ub-content-toggle-accordion-title-wrap\"\" aria-controls=\"ub-content-toggle-panel-0-dc8b31a8-62f9-4244-a2aa-273eca07c9b4\" tabindex=\"0\">\n                    <p class=\"wp-block-ub-content-toggle-accordion-title ub-content-toggle-title-dc8b31a8-62f9-4244-a2aa-273eca07c9b4\"><strong>Settori di competenza<\/strong><\/p><div class=\"wp-block-ub-content-toggle-accordion-toggle-wrap right\"><span class=\"wp-block-ub-content-toggle-accordion-state-indicator wp-block-ub-chevron-down\"><\/span>\n                    <\/div><\/div><div role=\"region\" aria-expanded=\"false\" class=\"wp-block-ub-content-toggle-accordion-content-wrap ub-hide\" id=\"ub-content-toggle-panel-0-dc8b31a8-62f9-4244-a2aa-273eca07c9b4\">\n\n<ul class=\"wp-block-list\"><li>Obiettivi legati al lavoro e alla carriera<\/li><li>Obiettivi legati all&#8217;equilibrio tra vita professionale e vita privata<\/li><li>PNL &#8211; Programmazione Neuro Linguistica<\/li><li>Percorso di coaching per fundraiser<\/li><li>Orientamento post-diploma e post-laura<\/li><\/ul>\n\n<\/div><\/div>\n\n<div class=\"wp-block-ub-content-toggle-accordion\" id=\"ub-content-toggle-panel-block-\">\n                <div class=\"wp-block-ub-content-toggle-accordion-title-wrap\"\" aria-controls=\"ub-content-toggle-panel-1-dc8b31a8-62f9-4244-a2aa-273eca07c9b4\" tabindex=\"0\">\n                    <p class=\"wp-block-ub-content-toggle-accordion-title ub-content-toggle-title-dc8b31a8-62f9-4244-a2aa-273eca07c9b4\"><strong>Riconoscimenti e certificazioni<\/strong><\/p><div class=\"wp-block-ub-content-toggle-accordion-toggle-wrap right\"><span class=\"wp-block-ub-content-toggle-accordion-state-indicator wp-block-ub-chevron-down\"><\/span>\n                    <\/div><\/div><div role=\"region\" aria-expanded=\"false\" class=\"wp-block-ub-content-toggle-accordion-content-wrap ub-hide\" id=\"ub-content-toggle-panel-1-dc8b31a8-62f9-4244-a2aa-273eca07c9b4\">\n\n<div class=\"wp-block-columns is-layout-flex wp-container-core-columns-is-layout-9d6595d7 wp-block-columns-is-layout-flex\">\n<div class=\"wp-block-column is-layout-flow wp-block-column-is-layout-flow\" style=\"flex-basis:100%\">\n<ul class=\"wp-block-list\"><li>2017 \u2013 2018 \u201cNeuro Linguistic Programming Coaching Course\u201d from <a href=\"https:\/\/www.mindbridgetraining.com\/\">Mindbridge<\/a>, Dubai.<\/li><li>PNL Master Practitioner<\/li><li><strong>Advanced coach<\/strong> certificato ICF: <ul><li> <a rel=\"noreferrer noopener\" href=\"https:\/\/coachfederation.org\/\" target=\"_blank\">ICF Global ID<\/a>\u00a00092375671<\/li><li>\u00a0<a rel=\"noreferrer noopener\" href=\"https:\/\/www.coachfederation.it\/\" target=\"_blank\">ICF ITALIA ID<\/a>\u00a01696\u00a0<\/li><\/ul><\/li><li>2019 &#8211; Conseguimento credenziale ACC (<em>Associate Certified Coach<\/em>) <\/li><\/ul>\n\n\n\n<div class=\"wp-block-image\"><figure class=\"aligncenter size-full is-resized\"><img loading=\"lazy\" decoding=\"async\" src=\"https:\/\/www.spaziomentale.it\/web\/wp-content\/uploads\/2022\/02\/CertificatoACC-Mini.png\" alt=\"\" class=\"wp-image-341\" width=\"461\" height=\"349\" srcset=\"https:\/\/www.spaziomentale.it\/web\/wp-content\/uploads\/2022\/02\/CertificatoACC-Mini.png 828w, https:\/\/www.spaziomentale.it\/web\/wp-content\/uploads\/2022\/02\/CertificatoACC-Mini-300x228.png 300w, https:\/\/www.spaziomentale.it\/web\/wp-content\/uploads\/2022\/02\/CertificatoACC-Mini-768x582.png 768w\" sizes=\"auto, (max-width: 461px) 100vw, 461px\" \/><\/figure><\/div>\n<\/div>\n<\/div>\n\n\n\n<p><\/p>\n\n<\/div><\/div>\n\n<div class=\"wp-block-ub-content-toggle-accordion\" id=\"ub-content-toggle-panel-block-\">\n                <div class=\"wp-block-ub-content-toggle-accordion-title-wrap\"\" aria-controls=\"ub-content-toggle-panel-2-dc8b31a8-62f9-4244-a2aa-273eca07c9b4\" tabindex=\"0\">\n                    <p class=\"wp-block-ub-content-toggle-accordion-title ub-content-toggle-title-dc8b31a8-62f9-4244-a2aa-273eca07c9b4\"><strong>Esperienza<\/strong><\/p><div class=\"wp-block-ub-content-toggle-accordion-toggle-wrap right\"><span class=\"wp-block-ub-content-toggle-accordion-state-indicator wp-block-ub-chevron-down\"><\/span>\n                    <\/div><\/div><div role=\"region\" aria-expanded=\"false\" class=\"wp-block-ub-content-toggle-accordion-content-wrap ub-hide\" id=\"ub-content-toggle-panel-2-dc8b31a8-62f9-4244-a2aa-273eca07c9b4\">\n\n<ul class=\"wp-block-list\"><li>2018 \u2013 Collaborazione con Hummingbird Coaching and Consulting (Corporate Coaching) <a rel=\"noreferrer noopener\" href=\"http:\/\/www.hblc.ae\/\" target=\"_blank\">www.hblc.ae<\/a>, Dubai<\/li><li>2017 &#8211; <em>oggi<\/em> \u2013 Oltre 400 ore di Coaching One to One, Dubai \/ Italia \/ Francia \/ Spagna<\/li><li>2019 &#8211; <em>in corso<\/em> &#8211; Collaborazione con <a href=\"https:\/\/www.bainstitute.it\/\" data-type=\"URL\" data-id=\"https:\/\/www.bainstitute.it\/\">Business Awareness Institute<\/a>, Milano<\/li><\/ul>\n\n<\/div><\/div>\n<\/div><\/div><\/div>\n\n\n\n<div style=\"height:100px\" aria-hidden=\"true\" class=\"wp-block-spacer\"><\/div>\n\n\n\n<h2 class=\"wp-block-heading\">Testimonianze<\/h2>\n\n\n\n<div class=\"wp-block-columns is-layout-flex wp-container-core-columns-is-layout-9d6595d7 wp-block-columns-is-layout-flex\">\n<div class=\"wp-block-column is-layout-flow wp-block-column-is-layout-flow\">\n<blockquote class=\"wp-block-quote is-layout-flow wp-block-quote-is-layout-flow\"><p>&#8220;Barbara ha una capacit\u00e0 innata di metterti a tuo agio, \u00e8 un\u2019ascoltatrice paziente e accomodante e una comunicatrice chiara ed efficace. E\u2019 stata una delle forze trasformatrici pi\u00f9 potenti della mia vita personale, motivandomi durante l\u2019intero processo e cambiando la routine \u201cprima e dopo lavoro\u201d in modo da trovare momenti da dedicare al mio benessere e alla mia salute, creando un equilibrio col mio ruolo di mamma e di moglie. Sin dall\u2019inizio, durante la sessione di valutazione, ho apprezzato il suo aiuto premuroso nell\u2019identificare i miei bisogni, pi\u00f9 avanti ho apprezzato il suo approccio gentile e il suo impegno costante a dare attuazione pratica alle idee legate ai miglioramenti, e alla fine sono stata cos\u00ec grata e cos\u00ec colpita dai risultati! E\u2019 cos\u00ec piena di energia positiva, di vita e dedizione al lavoro che mi sento di raccomandarla sinceramente a chiunque senta il bisogno di stare meglio e che si senta pronto a fare cambiamenti costruttivi nella sua vita.&#8221;<\/p><cite>Chiara Boccascino<br>Direttore FLYHIGH Dubai Helicopter Services \u2013 VIP Services<\/cite><\/blockquote>\n<\/div>\n\n\n\n<div class=\"wp-block-column is-layout-flow wp-block-column-is-layout-flow\">\n<blockquote class=\"wp-block-quote is-layout-flow wp-block-quote-is-layout-flow\"><p>\u201cHo iniziato le sessioni di coaching con Barbara alla fine dello scorso anno perch\u00e9 avevo bisogno di fare chiarezza e capire quello che davvero volevo fare nella sfera professionale. Il lavoro che ha fatto Barbara \u00e8 stato uno strumento potente per aiutarmi a focalizzarmi di pi\u00f9 e a fare luce sui miei desideri nascosti. La sua empatia, la sua capacit\u00e0 di ascoltare e interagire sempre senza giudicare, la sua conoscenza e la sua professionalit\u00e0 mi hanno aiutato ad aprire la mente e ad essere pi\u00f9 consapevole di me stessa, del mio modo di pensare, delle mie credenze limitanti, di quelli che sono i miei valori e di come possono guidare la mia vita. Grazie Barbara!\u201d<\/p><cite>Katia Moretti<\/cite><\/blockquote>\n<\/div>\n\n\n\n<div class=\"wp-block-column is-layout-flow wp-block-column-is-layout-flow\">\n<blockquote class=\"wp-block-quote is-layout-flow wp-block-quote-is-layout-flow\"><p>\u201cBarbara \u00e8 stata preziosa quando ho esaminato la mia vita e ho cercato di capire come riconquistare la sicurezza in me stessa, cosa che era il mio primo obiettivo. E\u2019 stato bellissimo guardare alla mia vita in modo olistico e poi focalizzarmi sulle aree che volevo migliorare. Trovo che le sessioni di coaching con lei siano sempre un\u2019esperienza molto piacevole. Gli incontri mi hanno dato sempre molti rinforzi positivi e mi hanno aiutato a identificare i CAMBIAMENTI che volevo fare. Il risultato del lavoro di coaching con Barbara \u00e8 stato che sono diventata pi\u00f9 organizzata, con una prospettiva positiva.&#8221;<\/p><cite>Pamela Augustine, Parigi<\/cite><\/blockquote>\n<\/div>\n<\/div>\n\n\n\n<p><\/p>\n","protected":false},"excerpt":{"rendered":"<p>Sono una Advanced Coach e PNL Master Practitioner e lavoro con i miei clienti su obiettivi legati alla motivazione, alle relazioni e al benessere psico-fisico. Quello che mi appassiona \u00e8 &#8230;<\/p>\n","protected":false},"author":1,"featured_media":0,"parent":0,"menu_order":0,"comment_status":"closed","ping_status":"closed","template":"","meta":{"ub_ctt_via":"","_themeisle_gutenberg_block_has_review":false,"footnotes":""},"class_list":["post-8","page","type-page","status-publish","hentry"],"featured_image_src":null,"_links":{"self":[{"href":"https:\/\/www.spaziomentale.it\/web\/wp-json\/wp\/v2\/pages\/8","targetHints":{"allow":["GET"]}}],"collection":[{"href":"https:\/\/www.spaziomentale.it\/web\/wp-json\/wp\/v2\/pages"}],"about":[{"href":"https:\/\/www.spaziomentale.it\/web\/wp-json\/wp\/v2\/types\/page"}],"author":[{"embeddable":true,"href":"https:\/\/www.spaziomentale.it\/web\/wp-json\/wp\/v2\/users\/1"}],"replies":[{"embeddable":true,"href":"https:\/\/www.spaziomentale.it\/web\/wp-json\/wp\/v2\/comments?post=8"}],"version-history":[{"count":44,"href":"https:\/\/www.spaziomentale.it\/web\/wp-json\/wp\/v2\/pages\/8\/revisions"}],"predecessor-version":[{"id":343,"href":"https:\/\/www.spaziomentale.it\/web\/wp-json\/wp\/v2\/pages\/8\/revisions\/343"}],"wp:attachment":[{"href":"https:\/\/www.spaziomentale.it\/web\/wp-json\/wp\/v2\/media?parent=8"}],"curies":[{"name":"wp","href":"https:\/\/api.w.org\/{rel}","templated":true}]}}