{"id":325,"date":"2021-01-25T16:43:36","date_gmt":"2021-01-25T15:43:36","guid":{"rendered":"http:\/\/www.spaziomentale.it\/web\/?page_id=325"},"modified":"2021-01-25T16:43:36","modified_gmt":"2021-01-25T15:43:36","slug":"informazioni-legali","status":"publish","type":"page","link":"https:\/\/www.spaziomentale.it\/web\/informazioni-legali\/","title":{"rendered":"Informazioni Legali"},"content":{"rendered":"\n<h2 class=\"wp-block-heading\">Crediti<\/h2>\n\n\n\n<p>I testi presenti sul nostro sito web sono stati creati dallo staff di Spaziomentale.it; il loro utilizzato \u00e8 riservato e qualsiasi riproduzione non autorizzata sar\u00e0 perseguita in termini di legge. <\/p>\n\n\n\n<p>La traduzione del testo in italiano \u00e8 a cura di Elena Berneschi. <\/p>\n\n\n\n<p>Le immagini pubblicate in questo sito sono sate eleaborate a partire da immagini di libero utilizzo e si intendono a disposizione con la stessa licenza dell&#8217;originale.<\/p>\n\n\n\n<p>Si ringraziano, per le immagini originali: <\/p>\n\n\n\n<ul class=\"wp-block-list\"><li>Arco della Pace, panoramica &#8211; Photo by<a href=\"https:\/\/unsplash.com\/@tfabb?utm_source=unsplash&amp;utm_medium=referral&amp;utm_content=creditCopyText\"> Fabio Tura<\/a> on<a href=\"https:\/\/unsplash.com\/?utm_source=unsplash&amp;utm_medium=referral&amp;utm_content=creditCopyText\"> Unsplash<\/a><\/li><li>Arco della Pace, dettaglio &#8211; Photo by<a href=\"https:\/\/unsplash.com\/@kodozani?utm_source=unsplash&amp;utm_medium=referral&amp;utm_content=creditCopyText\"> Onur K<\/a> on<a href=\"https:\/\/unsplash.com\/?utm_source=unsplash&amp;utm_medium=referral&amp;utm_content=creditCopyText\"> Unsplash<\/a><\/li><\/ul>\n\n\n\n<h2 class=\"wp-block-heading\">Privacy<\/h2>\n\n\n\n<p>Questo \u00e8 un sito di presentazione dell&#8217;attivit\u00e0 professionale di Barbara Galateri di Genola, Advanced Coach e PNL Master Pratictioner, e non \u00e8 pensato per raccogliere dati sugli utenti. Questo sito non utilizza &#8220;cookie&#8221; se quelli tecnici necessari al funzionamento dello stesso. <\/p>\n\n\n\n<p>Questo sito non consente iscrizione di utenti n\u00e9 l&#8217;inserimento di commenti, quindi non sono raccolti dati personali. <\/p>\n\n\n\n<p>Questo sito non raccoglie n\u00e9 tantomeno vende informazioni di alcun genere.  <\/p>\n\n\n\n<p>Gli unici dati che vengono registrati sono quelli dell&#8217;indirizzo IP di collegamento che vengono registrati dal fornitore dell&#8217;hosting <a href=\"https:\/\/www.keliweb.it\/privacy.php\">alla cui pagina<\/a> si rimanda per dettagli. <\/p>\n","protected":false},"excerpt":{"rendered":"<p>Crediti I testi presenti sul nostro sito web sono stati creati dallo staff di Spaziomentale.it; il loro utilizzato \u00e8 riservato e qualsiasi riproduzione non autorizzata sar\u00e0 perseguita in termini di &#8230;<\/p>\n","protected":false},"author":3,"featured_media":0,"parent":0,"menu_order":0,"comment_status":"closed","ping_status":"closed","template":"","meta":{"ub_ctt_via":"","_themeisle_gutenberg_block_has_review":false,"footnotes":""},"class_list":["post-325","page","type-page","status-publish","hentry"],"featured_image_src":null,"_links":{"self":[{"href":"https:\/\/www.spaziomentale.it\/web\/wp-json\/wp\/v2\/pages\/325","targetHints":{"allow":["GET"]}}],"collection":[{"href":"https:\/\/www.spaziomentale.it\/web\/wp-json\/wp\/v2\/pages"}],"about":[{"href":"https:\/\/www.spaziomentale.it\/web\/wp-json\/wp\/v2\/types\/page"}],"author":[{"embeddable":true,"href":"https:\/\/www.spaziomentale.it\/web\/wp-json\/wp\/v2\/users\/3"}],"replies":[{"embeddable":true,"href":"https:\/\/www.spaziomentale.it\/web\/wp-json\/wp\/v2\/comments?post=325"}],"version-history":[{"count":3,"href":"https:\/\/www.spaziomentale.it\/web\/wp-json\/wp\/v2\/pages\/325\/revisions"}],"predecessor-version":[{"id":332,"href":"https:\/\/www.spaziomentale.it\/web\/wp-json\/wp\/v2\/pages\/325\/revisions\/332"}],"wp:attachment":[{"href":"https:\/\/www.spaziomentale.it\/web\/wp-json\/wp\/v2\/media?parent=325"}],"curies":[{"name":"wp","href":"https:\/\/api.w.org\/{rel}","templated":true}]}}